{"id":15,"date":"2015-02-10T19:22:07","date_gmt":"2015-02-10T19:22:07","guid":{"rendered":"https:\/\/avada.theme-fusion.com_demos\/architecture\/?page_id=15"},"modified":"2025-08-25T15:51:49","modified_gmt":"2025-08-25T19:51:49","slug":"contact","status":"publish","type":"page","link":"https:\/\/www.phoenixregeneration.com\/fr\/contact\/","title":{"rendered":"Contact"},"content":{"rendered":"<div class=\"fusion-fullwidth fullwidth-box fusion-builder-row-1 fusion-flex-container fusion-parallax-none nonhundred-percent-fullwidth non-hundred-percent-height-scrolling lazyload\" style=\"--awb-background-position:center bottom;--awb-border-sizes-top:0px;--awb-border-sizes-bottom:0px;--awb-border-sizes-left:0px;--awb-border-sizes-right:0px;--awb-border-radius-top-left:0px;--awb-border-radius-top-right:0px;--awb-border-radius-bottom-right:0px;--awb-border-radius-bottom-left:0px;--awb-padding-top:130px;--awb-padding-bottom:100px;--awb-background-size:cover;--awb-flex-wrap:wrap;\" data-bg=\"http:\/\/beta.phoenixregeneration.com\/wp-content\/uploads\/2015\/02\/bg-contact.jpg\" ><div class=\"fusion-builder-row fusion-row fusion-flex-align-items-flex-start fusion-flex-content-wrap\" style=\"max-width:1216.8px;margin-left: calc(-4% \/ 2 );margin-right: calc(-4% \/ 2 );\"><div class=\"fusion-layout-column fusion_builder_column fusion-builder-column-0 fusion_builder_column_1_1 1_1 fusion-flex-column fusion-flex-align-self-flex-start fusion-column-no-min-height\" style=\"--awb-bg-blend:overlay;--awb-bg-size:cover;--awb-width-large:100%;--awb-margin-top-large:0px;--awb-spacing-right-large:1.92%;--awb-margin-bottom-large:40px;--awb-spacing-left-large:1.92%;--awb-width-medium:100%;--awb-spacing-right-medium:1.92%;--awb-spacing-left-medium:1.92%;--awb-width-small:100%;--awb-spacing-right-small:1.92%;--awb-spacing-left-small:1.92%;\"><div class=\"fusion-column-wrapper fusion-flex-justify-content-flex-start fusion-content-layout-column\"><div class=\"fusion-title title fusion-title-1 fusion-sep-none fusion-title-text fusion-title-size-two\" style=\"--awb-text-color:var(--awb-color1);\"><h2 class=\"fusion-title-heading title-heading-left fusion-responsive-typography-calculated\" style=\"margin:0;text-transform:capitalize;--fontSize:48;line-height:var(--awb-typography1-line-height);\">Contactez nous<\/h2><\/div><div class=\"fusion-text fusion-text-1\"><p style=\"color: rgb(255, 255, 255);\">Contactez-nous pour plus d&rsquo;informations sur notre technologie<\/p>\n<\/div><\/div><\/div><div class=\"fusion-layout-column fusion_builder_column fusion-builder-column-1 fusion_builder_column_1_2 1_2 fusion-flex-column\" style=\"--awb-bg-blend:overlay;--awb-bg-size:cover;--awb-width-large:50%;--awb-margin-top-large:0px;--awb-spacing-right-large:3.84%;--awb-margin-bottom-large:20px;--awb-spacing-left-large:3.84%;--awb-width-medium:100%;--awb-spacing-right-medium:1.92%;--awb-spacing-left-medium:1.92%;--awb-width-small:100%;--awb-spacing-right-small:1.92%;--awb-spacing-left-small:1.92%;\"><div class=\"fusion-column-wrapper fusion-flex-justify-content-flex-start fusion-content-layout-column\">\n<div class=\"wpcf7 no-js\" id=\"wpcf7-f930-o1\" lang=\"fr-FR\" dir=\"ltr\">\n<div class=\"screen-reader-response\"><p role=\"status\" aria-live=\"polite\" aria-atomic=\"true\"><\/p> <ul><\/ul><\/div>\n<form action=\"\/fr\/wp-json\/wp\/v2\/pages\/15#wpcf7-f930-o1\" method=\"post\" class=\"wpcf7-form init\" aria-label=\"Formulaire de contact\" novalidate=\"novalidate\" data-status=\"init\">\n<div style=\"display: none;\">\n<input type=\"hidden\" name=\"_wpcf7\" value=\"930\" \/>\n<input type=\"hidden\" name=\"_wpcf7_version\" value=\"5.9.8\" \/>\n<input type=\"hidden\" name=\"_wpcf7_locale\" value=\"fr_FR\" \/>\n<input type=\"hidden\" name=\"_wpcf7_unit_tag\" value=\"wpcf7-f930-o1\" \/>\n<input type=\"hidden\" name=\"_wpcf7_container_post\" value=\"0\" \/>\n<input type=\"hidden\" name=\"_wpcf7_posted_data_hash\" value=\"\" \/>\n<input type=\"hidden\" name=\"_wpcf7_recaptcha_response\" value=\"\" \/>\n<\/div>\n<p><label><span class=\"wpcf7-form-control-wrap\" data-name=\"your-name\"><input size=\"40\" maxlength=\"400\" class=\"wpcf7-form-control wpcf7-text wpcf7-validates-as-required\" autocomplete=\"name\" aria-required=\"true\" aria-invalid=\"false\" placeholder=\"Nom\" value=\"\" type=\"text\" name=\"your-name\" \/><\/span> <\/label>\n<\/p>\n<p><label><span class=\"wpcf7-form-control-wrap\" data-name=\"your-email\"><input size=\"40\" maxlength=\"400\" class=\"wpcf7-form-control wpcf7-email wpcf7-validates-as-required wpcf7-text wpcf7-validates-as-email\" autocomplete=\"email\" aria-required=\"true\" aria-invalid=\"false\" placeholder=\"Courriel\" value=\"\" type=\"email\" name=\"your-email\" \/><\/span> <\/label>\n<\/p>\n<p><label><span class=\"wpcf7-form-control-wrap\" data-name=\"your-message\"><textarea cols=\"40\" rows=\"10\" maxlength=\"2000\" class=\"wpcf7-form-control wpcf7-textarea\" aria-invalid=\"false\" placeholder=\"Message\" name=\"your-message\"><\/textarea><\/span> <\/label>\n<\/p>\n<p><input class=\"wpcf7-form-control wpcf7-submit has-spinner\" type=\"submit\" value=\"Envoyer\" \/>\n<\/p><div class=\"fusion-alert alert custom alert-custom fusion-alert-center wpcf7-response-output fusion-alert-capitalize awb-alert-native-link-color alert-dismissable awb-alert-close-boxed\" style=\"--awb-border-top-left-radius:0px;--awb-border-top-right-radius:0px;--awb-border-bottom-left-radius:0px;--awb-border-bottom-right-radius:0px;\" role=\"alert\"><div class=\"fusion-alert-content-wrapper\"><span class=\"fusion-alert-content\"><\/span><\/div><button type=\"button\" class=\"close toggle-alert\" data-dismiss=\"alert\" aria-label=\"Close\">&times;<\/button><\/div>\n<\/form>\n<\/div>\n<\/div><\/div><div class=\"fusion-layout-column fusion_builder_column fusion-builder-column-2 fusion_builder_column_1_2 1_2 fusion-flex-column\" style=\"--awb-bg-blend:overlay;--awb-bg-size:cover;--awb-width-large:50%;--awb-margin-top-large:0px;--awb-spacing-right-large:0%;--awb-margin-bottom-large:0px;--awb-spacing-left-large:0.96%;--awb-width-medium:100%;--awb-spacing-right-medium:1.92%;--awb-spacing-left-medium:1.92%;--awb-width-small:100%;--awb-spacing-right-small:1.92%;--awb-spacing-left-small:1.92%;\"><div class=\"fusion-column-wrapper fusion-flex-justify-content-center fusion-content-layout-column\"><div class=\"fusion-text fusion-text-2\" style=\"--awb-line-height:1.3em;--awb-text-color:#ffffff;--awb-margin-top:1em;\"><\/div><div class=\"fusion-separator fusion-full-width-sep\" style=\"align-self: center;margin-left: auto;margin-right: auto;margin-top:40px;width:100%;\"><\/div><div class=\"fusion-text fusion-text-3\" style=\"--awb-text-color:#ffffff;\"><\/div><\/div><\/div><\/div><\/div>\n","protected":false},"excerpt":{"rendered":"","protected":false},"author":1,"featured_media":0,"parent":0,"menu_order":0,"comment_status":"closed","ping_status":"closed","template":"100-width.php","meta":{"footnotes":""},"class_list":["post-15","page","type-page","status-publish","hentry"],"yoast_head":"<!-- This site is optimized with the Yoast SEO plugin v23.2 - https:\/\/yoast.com\/wordpress\/plugins\/seo\/ -->\n<title>Contactez Phoenix Regeneration | Solutions de Recyclage d\u2019\u00c9lastom\u00e8res<\/title>\n<meta name=\"description\" content=\"Contactez Phoenix Regeneration pour en savoir plus sur nos solutions innovantes de recyclage d\u2019\u00e9lastom\u00e8res. Retrouvez-nous \u00e0 notre bureau de Terrebonne, QC, ou appelez-nous pour plus d\u2019informations.\" \/>\n<meta name=\"robots\" content=\"index, follow, max-snippet:-1, max-image-preview:large, max-video-preview:-1\" \/>\n<link rel=\"canonical\" href=\"https:\/\/www.phoenixregeneration.com\/fr\/contact\/\" \/>\n<meta property=\"og:locale\" content=\"fr_FR\" \/>\n<meta property=\"og:type\" content=\"article\" \/>\n<meta property=\"og:title\" content=\"Contactez Phoenix Regeneration | Solutions de Recyclage d\u2019\u00c9lastom\u00e8res\" \/>\n<meta property=\"og:description\" content=\"Contactez Phoenix Regeneration pour en savoir plus sur nos solutions innovantes de recyclage d\u2019\u00e9lastom\u00e8res. Retrouvez-nous \u00e0 notre bureau de Terrebonne, QC, ou appelez-nous pour plus d\u2019informations.\" \/>\n<meta property=\"og:url\" content=\"https:\/\/www.phoenixregeneration.com\/fr\/contact\/\" \/>\n<meta property=\"og:site_name\" content=\"Phoenix Innovation Technologie\" \/>\n<meta property=\"article:modified_time\" content=\"2025-08-25T19:51:49+00:00\" \/>\n<meta name=\"twitter:card\" content=\"summary_large_image\" \/>\n<meta name=\"twitter:label1\" content=\"Dur\u00e9e de lecture estim\u00e9e\" \/>\n\t<meta name=\"twitter:data1\" content=\"1 minute\" \/>\n<script type=\"application\/ld+json\" class=\"yoast-schema-graph\">{\"@context\":\"https:\/\/schema.org\",\"@graph\":[{\"@type\":\"WebPage\",\"@id\":\"https:\/\/www.phoenixregeneration.com\/fr\/contact\/\",\"url\":\"https:\/\/www.phoenixregeneration.com\/fr\/contact\/\",\"name\":\"Contactez Phoenix Regeneration | Solutions de Recyclage d\u2019\u00c9lastom\u00e8res\",\"isPartOf\":{\"@id\":\"https:\/\/www.phoenixregeneration.com\/fr\/#website\"},\"datePublished\":\"2015-02-10T19:22:07+00:00\",\"dateModified\":\"2025-08-25T19:51:49+00:00\",\"description\":\"Contactez Phoenix Regeneration pour en savoir plus sur nos solutions innovantes de recyclage d\u2019\u00e9lastom\u00e8res. Retrouvez-nous \u00e0 notre bureau de Terrebonne, QC, ou appelez-nous pour plus d\u2019informations.\",\"breadcrumb\":{\"@id\":\"https:\/\/www.phoenixregeneration.com\/fr\/contact\/#breadcrumb\"},\"inLanguage\":\"fr-FR\",\"potentialAction\":[{\"@type\":\"ReadAction\",\"target\":[\"https:\/\/www.phoenixregeneration.com\/fr\/contact\/\"]}]},{\"@type\":\"BreadcrumbList\",\"@id\":\"https:\/\/www.phoenixregeneration.com\/fr\/contact\/#breadcrumb\",\"itemListElement\":[{\"@type\":\"ListItem\",\"position\":1,\"name\":\"Accueil\",\"item\":\"https:\/\/beta.phoenixregeneration.com\/fr\/\"},{\"@type\":\"ListItem\",\"position\":2,\"name\":\"Contact\"}]},{\"@type\":\"WebSite\",\"@id\":\"https:\/\/www.phoenixregeneration.com\/fr\/#website\",\"url\":\"https:\/\/www.phoenixregeneration.com\/fr\/\",\"name\":\"Phoenix Innovation Technologie\",\"description\":\"\",\"publisher\":{\"@id\":\"https:\/\/www.phoenixregeneration.com\/fr\/#organization\"},\"potentialAction\":[{\"@type\":\"SearchAction\",\"target\":{\"@type\":\"EntryPoint\",\"urlTemplate\":\"https:\/\/www.phoenixregeneration.com\/fr\/?s={search_term_string}\"},\"query-input\":\"required name=search_term_string\"}],\"inLanguage\":\"fr-FR\"},{\"@type\":\"Organization\",\"@id\":\"https:\/\/www.phoenixregeneration.com\/fr\/#organization\",\"name\":\"Phoenix Innovation Technologie\",\"url\":\"https:\/\/www.phoenixregeneration.com\/fr\/\",\"logo\":{\"@type\":\"ImageObject\",\"inLanguage\":\"fr-FR\",\"@id\":\"https:\/\/www.phoenixregeneration.com\/fr\/#\/schema\/logo\/image\/\",\"url\":\"https:\/\/www.phoenixregeneration.com\/wp-content\/uploads\/2024\/08\/phoenix-logo@2x.png\",\"contentUrl\":\"https:\/\/www.phoenixregeneration.com\/wp-content\/uploads\/2024\/08\/phoenix-logo@2x.png\",\"width\":535,\"height\":114,\"caption\":\"Phoenix Innovation Technologie\"},\"image\":{\"@id\":\"https:\/\/www.phoenixregeneration.com\/fr\/#\/schema\/logo\/image\/\"}}]}<\/script>\n<!-- \/ Yoast SEO plugin. -->","yoast_head_json":{"title":"Contactez Phoenix Regeneration | Solutions de Recyclage d\u2019\u00c9lastom\u00e8res","description":"Contactez Phoenix Regeneration pour en savoir plus sur nos solutions innovantes de recyclage d\u2019\u00e9lastom\u00e8res. Retrouvez-nous \u00e0 notre bureau de Terrebonne, QC, ou appelez-nous pour plus d\u2019informations.","robots":{"index":"index","follow":"follow","max-snippet":"max-snippet:-1","max-image-preview":"max-image-preview:large","max-video-preview":"max-video-preview:-1"},"canonical":"https:\/\/www.phoenixregeneration.com\/fr\/contact\/","og_locale":"fr_FR","og_type":"article","og_title":"Contactez Phoenix Regeneration | Solutions de Recyclage d\u2019\u00c9lastom\u00e8res","og_description":"Contactez Phoenix Regeneration pour en savoir plus sur nos solutions innovantes de recyclage d\u2019\u00e9lastom\u00e8res. Retrouvez-nous \u00e0 notre bureau de Terrebonne, QC, ou appelez-nous pour plus d\u2019informations.","og_url":"https:\/\/www.phoenixregeneration.com\/fr\/contact\/","og_site_name":"Phoenix Innovation Technologie","article_modified_time":"2025-08-25T19:51:49+00:00","twitter_card":"summary_large_image","twitter_misc":{"Dur\u00e9e de lecture estim\u00e9e":"1 minute"},"schema":{"@context":"https:\/\/schema.org","@graph":[{"@type":"WebPage","@id":"https:\/\/www.phoenixregeneration.com\/fr\/contact\/","url":"https:\/\/www.phoenixregeneration.com\/fr\/contact\/","name":"Contactez Phoenix Regeneration | Solutions de Recyclage d\u2019\u00c9lastom\u00e8res","isPartOf":{"@id":"https:\/\/www.phoenixregeneration.com\/fr\/#website"},"datePublished":"2015-02-10T19:22:07+00:00","dateModified":"2025-08-25T19:51:49+00:00","description":"Contactez Phoenix Regeneration pour en savoir plus sur nos solutions innovantes de recyclage d\u2019\u00e9lastom\u00e8res. Retrouvez-nous \u00e0 notre bureau de Terrebonne, QC, ou appelez-nous pour plus d\u2019informations.","breadcrumb":{"@id":"https:\/\/www.phoenixregeneration.com\/fr\/contact\/#breadcrumb"},"inLanguage":"fr-FR","potentialAction":[{"@type":"ReadAction","target":["https:\/\/www.phoenixregeneration.com\/fr\/contact\/"]}]},{"@type":"BreadcrumbList","@id":"https:\/\/www.phoenixregeneration.com\/fr\/contact\/#breadcrumb","itemListElement":[{"@type":"ListItem","position":1,"name":"Accueil","item":"https:\/\/beta.phoenixregeneration.com\/fr\/"},{"@type":"ListItem","position":2,"name":"Contact"}]},{"@type":"WebSite","@id":"https:\/\/www.phoenixregeneration.com\/fr\/#website","url":"https:\/\/www.phoenixregeneration.com\/fr\/","name":"Phoenix Innovation Technologie","description":"","publisher":{"@id":"https:\/\/www.phoenixregeneration.com\/fr\/#organization"},"potentialAction":[{"@type":"SearchAction","target":{"@type":"EntryPoint","urlTemplate":"https:\/\/www.phoenixregeneration.com\/fr\/?s={search_term_string}"},"query-input":"required name=search_term_string"}],"inLanguage":"fr-FR"},{"@type":"Organization","@id":"https:\/\/www.phoenixregeneration.com\/fr\/#organization","name":"Phoenix Innovation Technologie","url":"https:\/\/www.phoenixregeneration.com\/fr\/","logo":{"@type":"ImageObject","inLanguage":"fr-FR","@id":"https:\/\/www.phoenixregeneration.com\/fr\/#\/schema\/logo\/image\/","url":"https:\/\/www.phoenixregeneration.com\/wp-content\/uploads\/2024\/08\/phoenix-logo@2x.png","contentUrl":"https:\/\/www.phoenixregeneration.com\/wp-content\/uploads\/2024\/08\/phoenix-logo@2x.png","width":535,"height":114,"caption":"Phoenix Innovation Technologie"},"image":{"@id":"https:\/\/www.phoenixregeneration.com\/fr\/#\/schema\/logo\/image\/"}}]}},"_links":{"self":[{"href":"https:\/\/www.phoenixregeneration.com\/fr\/wp-json\/wp\/v2\/pages\/15","targetHints":{"allow":["GET"]}}],"collection":[{"href":"https:\/\/www.phoenixregeneration.com\/fr\/wp-json\/wp\/v2\/pages"}],"about":[{"href":"https:\/\/www.phoenixregeneration.com\/fr\/wp-json\/wp\/v2\/types\/page"}],"author":[{"embeddable":true,"href":"https:\/\/www.phoenixregeneration.com\/fr\/wp-json\/wp\/v2\/users\/1"}],"replies":[{"embeddable":true,"href":"https:\/\/www.phoenixregeneration.com\/fr\/wp-json\/wp\/v2\/comments?post=15"}],"version-history":[{"count":11,"href":"https:\/\/www.phoenixregeneration.com\/fr\/wp-json\/wp\/v2\/pages\/15\/revisions"}],"predecessor-version":[{"id":1481,"href":"https:\/\/www.phoenixregeneration.com\/fr\/wp-json\/wp\/v2\/pages\/15\/revisions\/1481"}],"wp:attachment":[{"href":"https:\/\/www.phoenixregeneration.com\/fr\/wp-json\/wp\/v2\/media?parent=15"}],"curies":[{"name":"wp","href":"https:\/\/api.w.org\/{rel}","templated":true}]}}