{"id":1435,"date":"2025-04-14T15:26:03","date_gmt":"2025-04-14T19:26:03","guid":{"rendered":"https:\/\/www.phoenixregeneration.com\/?page_id=1435"},"modified":"2025-04-14T15:35:49","modified_gmt":"2025-04-14T19:35:49","slug":"investisseurs","status":"publish","type":"page","link":"https:\/\/www.phoenixregeneration.com\/fr\/investisseurs\/","title":{"rendered":"Investisseurs"},"content":{"rendered":"<p><div class=\"fusion-fullwidth fullwidth-box fusion-builder-row-1 fusion-flex-container has-pattern-background has-mask-background fusion-parallax-none nonhundred-percent-fullwidth non-hundred-percent-height-scrolling lazyload\" style=\"--awb-border-radius-top-left:0px;--awb-border-radius-top-right:0px;--awb-border-radius-bottom-right:0px;--awb-border-radius-bottom-left:0px;--awb-padding-top:100px;--awb-padding-bottom:100px;--awb-background-size:cover;--awb-flex-wrap:wrap;\" data-bg=\"https:\/\/www.phoenixregeneration.com\/wp-content\/uploads\/2015\/02\/entete-a-propos.jpg\" ><div class=\"fusion-builder-row fusion-row fusion-flex-align-items-flex-start fusion-flex-content-wrap\" style=\"max-width:1216.8px;margin-left: calc(-4% \/ 2 );margin-right: calc(-4% \/ 2 );\"><div class=\"fusion-layout-column fusion_builder_column fusion-builder-column-0 fusion_builder_column_1_1 1_1 fusion-flex-column\" style=\"--awb-bg-size:cover;--awb-width-large:100%;--awb-margin-top-large:0px;--awb-spacing-right-large:1.92%;--awb-margin-bottom-large:20px;--awb-spacing-left-large:1.92%;--awb-width-medium:100%;--awb-order-medium:0;--awb-spacing-right-medium:1.92%;--awb-spacing-left-medium:1.92%;--awb-width-small:100%;--awb-order-small:0;--awb-spacing-right-small:1.92%;--awb-spacing-left-small:1.92%;\"><div class=\"fusion-column-wrapper fusion-column-has-shadow fusion-flex-justify-content-flex-start fusion-content-layout-column\"><div class=\"fusion-title title fusion-title-1 fusion-sep-none fusion-title-text fusion-title-size-one\" style=\"--awb-text-color:#ffffff;--awb-margin-bottom:0px;\"><h1 class=\"fusion-title-heading title-heading-left fusion-responsive-typography-calculated\" style=\"margin:0;text-transform:capitalize;--fontSize:60;line-height:var(--awb-typography1-line-height);\">Investisseurs<\/h1><\/div><\/div><\/div><\/div><\/div><div class=\"fusion-fullwidth fullwidth-box fusion-builder-row-2 fusion-flex-container nonhundred-percent-fullwidth non-hundred-percent-height-scrolling\" style=\"--awb-background-position:left top;--awb-border-sizes-top:0px;--awb-border-sizes-bottom:0px;--awb-border-sizes-left:0px;--awb-border-sizes-right:0px;--awb-border-radius-top-left:0px;--awb-border-radius-top-right:0px;--awb-border-radius-bottom-right:0px;--awb-border-radius-bottom-left:0px;--awb-padding-top:50px;--awb-padding-bottom:50px;--awb-flex-wrap:wrap;\" ><div class=\"fusion-builder-row fusion-row fusion-flex-align-items-flex-start fusion-flex-content-wrap\" style=\"max-width:1216.8px;margin-left: calc(-4% \/ 2 );margin-right: calc(-4% \/ 2 );\"><div class=\"fusion-layout-column fusion_builder_column fusion-builder-column-1 fusion_builder_column_1_2 1_2 fusion-flex-column fusion-flex-align-self-center\" style=\"--awb-padding-right:40px;--awb-bg-blend:overlay;--awb-bg-size:cover;--awb-width-large:50%;--awb-margin-top-large:0px;--awb-spacing-right-large:3.84%;--awb-margin-bottom-large:20px;--awb-spacing-left-large:3.84%;--awb-width-medium:100%;--awb-spacing-right-medium:1.92%;--awb-spacing-left-medium:1.92%;--awb-width-small:100%;--awb-spacing-right-small:1.92%;--awb-spacing-left-small:1.92%;\"><div class=\"fusion-column-wrapper fusion-flex-justify-content-center fusion-content-layout-column\"><div class=\"fusion-text fusion-text-1 fusion-text-no-margin\" style=\"--awb-line-height:1.4em;\"><p class=\"p1\"><span class=\"s1\"><b>Dans le cadre de son mod\u00e8le \u00e9conomique bas\u00e9 sur l&rsquo;octroi de licences d&rsquo;exploitation, Phoenix recherche activement des partenaires pour la commercialisation internationale et la distribution exclusive de sa technologie.<\/b><\/span><\/p>\n<p class=\"p1\"><span class=\"s1\">Phoenix propose un mod\u00e8le d&rsquo;investissement strat\u00e9gique permettant \u00e0 un distributeur majeur de d\u00e9tenir une licence exclusive pour la commercialisation et la distribution de sa technologie sur un territoire d\u00e9fini. Ce partenariat vise \u00e0 maximiser la pr\u00e9sence de la technologie sur les march\u00e9s internationaux tout en assurant un retour sur investissement optimal pour le distributeur.<\/span><\/p>\n<p class=\"p1\"><span class=\"s1\">Ce mod\u00e8le d&rsquo;investissement offre au distributeur une opportunit\u00e9 strat\u00e9gique unique d&rsquo;exploiter une technologie de pointe tout en optimisant ses rendements financiers. <\/span><\/p>\n<p class=\"p1\"><span class=\"s1\">Phoenix s&rsquo;engage \u00e0 fournir un accompagnement continu pour assurer le succ\u00e8s du partenariat.<\/span><\/p>\n<\/div><\/div><\/div><div class=\"fusion-layout-column fusion_builder_column fusion-builder-column-2 fusion_builder_column_1_2 1_2 fusion-flex-column fusion-flex-align-self-center\" style=\"--awb-bg-blend:overlay;--awb-bg-size:cover;--awb-width-large:50%;--awb-margin-top-large:0px;--awb-spacing-right-large:3.84%;--awb-margin-bottom-large:20px;--awb-spacing-left-large:3.84%;--awb-width-medium:100%;--awb-spacing-right-medium:1.92%;--awb-spacing-left-medium:1.92%;--awb-width-small:100%;--awb-spacing-right-small:1.92%;--awb-spacing-left-small:1.92%;\"><div class=\"fusion-column-wrapper fusion-flex-justify-content-flex-start fusion-content-layout-column\"><div class=\"fusion-image-element \" style=\"--awb-caption-title-font-family:var(--h2_typography-font-family);--awb-caption-title-font-weight:var(--h2_typography-font-weight);--awb-caption-title-font-style:var(--h2_typography-font-style);--awb-caption-title-size:var(--h2_typography-font-size);--awb-caption-title-transform:var(--h2_typography-text-transform);--awb-caption-title-line-height:var(--h2_typography-line-height);--awb-caption-title-letter-spacing:var(--h2_typography-letter-spacing);\"><span class=\" fusion-imageframe imageframe-none imageframe-1 hover-type-none\"><img decoding=\"async\" width=\"1368\" height=\"690\" title=\"investors\" src=\"https:\/\/www.phoenixregeneration.com\/wp-content\/uploads\/2025\/04\/investors-2.jpg\" data-orig-src=\"https:\/\/www.phoenixregeneration.com\/wp-content\/uploads\/2025\/04\/investors-2.jpg\" alt class=\"lazyload img-responsive wp-image-1448\" srcset=\"data:image\/svg+xml,%3Csvg%20xmlns%3D%27http%3A%2F%2Fwww.w3.org%2F2000%2Fsvg%27%20width%3D%271368%27%20height%3D%27690%27%20viewBox%3D%270%200%201368%20690%27%3E%3Crect%20width%3D%271368%27%20height%3D%27690%27%20fill-opacity%3D%220%22%2F%3E%3C%2Fsvg%3E\" data-srcset=\"https:\/\/www.phoenixregeneration.com\/wp-content\/uploads\/2025\/04\/investors-2-200x101.jpg 200w, https:\/\/www.phoenixregeneration.com\/wp-content\/uploads\/2025\/04\/investors-2-400x202.jpg 400w, https:\/\/www.phoenixregeneration.com\/wp-content\/uploads\/2025\/04\/investors-2-600x303.jpg 600w, https:\/\/www.phoenixregeneration.com\/wp-content\/uploads\/2025\/04\/investors-2-800x404.jpg 800w, https:\/\/www.phoenixregeneration.com\/wp-content\/uploads\/2025\/04\/investors-2-1200x605.jpg 1200w, https:\/\/www.phoenixregeneration.com\/wp-content\/uploads\/2025\/04\/investors-2.jpg 1368w\" data-sizes=\"auto\" data-orig-sizes=\"(max-width: 800px) 100vw, (max-width: 640px) 100vw, 600px\" \/><\/span><\/div><\/div><\/div><\/div><\/div><\/p>\n","protected":false},"excerpt":{"rendered":"","protected":false},"author":1,"featured_media":0,"parent":0,"menu_order":0,"comment_status":"closed","ping_status":"closed","template":"100-width.php","meta":{"footnotes":""},"class_list":["post-1435","page","type-page","status-publish","hentry"],"yoast_head":"<!-- This site is optimized with the Yoast SEO plugin v23.2 - https:\/\/yoast.com\/wordpress\/plugins\/seo\/ -->\n<title>Investissez avec Phoenix \u2013 Licence exclusive par territoire<\/title>\n<meta name=\"description\" content=\"Devenez distributeur exclusif de notre technologie de recyclage dans votre r\u00e9gion. Partenariat strat\u00e9gique, retour sur investissement optimis\u00e9.\" \/>\n<meta name=\"robots\" content=\"index, follow, max-snippet:-1, max-image-preview:large, max-video-preview:-1\" \/>\n<link rel=\"canonical\" href=\"https:\/\/www.phoenixregeneration.com\/fr\/investisseurs\/\" \/>\n<meta property=\"og:locale\" content=\"fr_FR\" \/>\n<meta property=\"og:type\" content=\"article\" \/>\n<meta property=\"og:title\" content=\"Investissez avec Phoenix \u2013 Licence exclusive par territoire\" \/>\n<meta property=\"og:description\" content=\"Devenez distributeur exclusif de notre technologie de recyclage dans votre r\u00e9gion. Partenariat strat\u00e9gique, retour sur investissement optimis\u00e9.\" \/>\n<meta property=\"og:url\" content=\"https:\/\/www.phoenixregeneration.com\/fr\/investisseurs\/\" \/>\n<meta property=\"og:site_name\" content=\"Phoenix Innovation Technologie\" \/>\n<meta property=\"article:modified_time\" content=\"2025-04-14T19:35:49+00:00\" \/>\n<meta name=\"twitter:card\" content=\"summary_large_image\" \/>\n<meta name=\"twitter:label1\" content=\"Dur\u00e9e de lecture estim\u00e9e\" \/>\n\t<meta name=\"twitter:data1\" content=\"1 minute\" \/>\n<script type=\"application\/ld+json\" class=\"yoast-schema-graph\">{\"@context\":\"https:\/\/schema.org\",\"@graph\":[{\"@type\":\"WebPage\",\"@id\":\"https:\/\/www.phoenixregeneration.com\/fr\/investisseurs\/\",\"url\":\"https:\/\/www.phoenixregeneration.com\/fr\/investisseurs\/\",\"name\":\"Investissez avec Phoenix \u2013 Licence exclusive par territoire\",\"isPartOf\":{\"@id\":\"https:\/\/www.phoenixregeneration.com\/fr\/#website\"},\"datePublished\":\"2025-04-14T19:26:03+00:00\",\"dateModified\":\"2025-04-14T19:35:49+00:00\",\"description\":\"Devenez distributeur exclusif de notre technologie de recyclage dans votre r\u00e9gion. Partenariat strat\u00e9gique, retour sur investissement optimis\u00e9.\",\"breadcrumb\":{\"@id\":\"https:\/\/www.phoenixregeneration.com\/fr\/investisseurs\/#breadcrumb\"},\"inLanguage\":\"fr-FR\",\"potentialAction\":[{\"@type\":\"ReadAction\",\"target\":[\"https:\/\/www.phoenixregeneration.com\/fr\/investisseurs\/\"]}]},{\"@type\":\"BreadcrumbList\",\"@id\":\"https:\/\/www.phoenixregeneration.com\/fr\/investisseurs\/#breadcrumb\",\"itemListElement\":[{\"@type\":\"ListItem\",\"position\":1,\"name\":\"Accueil\",\"item\":\"https:\/\/beta.phoenixregeneration.com\/fr\/\"},{\"@type\":\"ListItem\",\"position\":2,\"name\":\"Investisseurs\"}]},{\"@type\":\"WebSite\",\"@id\":\"https:\/\/www.phoenixregeneration.com\/fr\/#website\",\"url\":\"https:\/\/www.phoenixregeneration.com\/fr\/\",\"name\":\"Phoenix Innovation Technologie\",\"description\":\"\",\"publisher\":{\"@id\":\"https:\/\/www.phoenixregeneration.com\/fr\/#organization\"},\"potentialAction\":[{\"@type\":\"SearchAction\",\"target\":{\"@type\":\"EntryPoint\",\"urlTemplate\":\"https:\/\/www.phoenixregeneration.com\/fr\/?s={search_term_string}\"},\"query-input\":\"required name=search_term_string\"}],\"inLanguage\":\"fr-FR\"},{\"@type\":\"Organization\",\"@id\":\"https:\/\/www.phoenixregeneration.com\/fr\/#organization\",\"name\":\"Phoenix Innovation Technologie\",\"url\":\"https:\/\/www.phoenixregeneration.com\/fr\/\",\"logo\":{\"@type\":\"ImageObject\",\"inLanguage\":\"fr-FR\",\"@id\":\"https:\/\/www.phoenixregeneration.com\/fr\/#\/schema\/logo\/image\/\",\"url\":\"https:\/\/www.phoenixregeneration.com\/wp-content\/uploads\/2024\/08\/phoenix-logo@2x.png\",\"contentUrl\":\"https:\/\/www.phoenixregeneration.com\/wp-content\/uploads\/2024\/08\/phoenix-logo@2x.png\",\"width\":535,\"height\":114,\"caption\":\"Phoenix Innovation Technologie\"},\"image\":{\"@id\":\"https:\/\/www.phoenixregeneration.com\/fr\/#\/schema\/logo\/image\/\"}}]}<\/script>\n<!-- \/ Yoast SEO plugin. -->","yoast_head_json":{"title":"Investissez avec Phoenix \u2013 Licence exclusive par territoire","description":"Devenez distributeur exclusif de notre technologie de recyclage dans votre r\u00e9gion. Partenariat strat\u00e9gique, retour sur investissement optimis\u00e9.","robots":{"index":"index","follow":"follow","max-snippet":"max-snippet:-1","max-image-preview":"max-image-preview:large","max-video-preview":"max-video-preview:-1"},"canonical":"https:\/\/www.phoenixregeneration.com\/fr\/investisseurs\/","og_locale":"fr_FR","og_type":"article","og_title":"Investissez avec Phoenix \u2013 Licence exclusive par territoire","og_description":"Devenez distributeur exclusif de notre technologie de recyclage dans votre r\u00e9gion. Partenariat strat\u00e9gique, retour sur investissement optimis\u00e9.","og_url":"https:\/\/www.phoenixregeneration.com\/fr\/investisseurs\/","og_site_name":"Phoenix Innovation Technologie","article_modified_time":"2025-04-14T19:35:49+00:00","twitter_card":"summary_large_image","twitter_misc":{"Dur\u00e9e de lecture estim\u00e9e":"1 minute"},"schema":{"@context":"https:\/\/schema.org","@graph":[{"@type":"WebPage","@id":"https:\/\/www.phoenixregeneration.com\/fr\/investisseurs\/","url":"https:\/\/www.phoenixregeneration.com\/fr\/investisseurs\/","name":"Investissez avec Phoenix \u2013 Licence exclusive par territoire","isPartOf":{"@id":"https:\/\/www.phoenixregeneration.com\/fr\/#website"},"datePublished":"2025-04-14T19:26:03+00:00","dateModified":"2025-04-14T19:35:49+00:00","description":"Devenez distributeur exclusif de notre technologie de recyclage dans votre r\u00e9gion. Partenariat strat\u00e9gique, retour sur investissement optimis\u00e9.","breadcrumb":{"@id":"https:\/\/www.phoenixregeneration.com\/fr\/investisseurs\/#breadcrumb"},"inLanguage":"fr-FR","potentialAction":[{"@type":"ReadAction","target":["https:\/\/www.phoenixregeneration.com\/fr\/investisseurs\/"]}]},{"@type":"BreadcrumbList","@id":"https:\/\/www.phoenixregeneration.com\/fr\/investisseurs\/#breadcrumb","itemListElement":[{"@type":"ListItem","position":1,"name":"Accueil","item":"https:\/\/beta.phoenixregeneration.com\/fr\/"},{"@type":"ListItem","position":2,"name":"Investisseurs"}]},{"@type":"WebSite","@id":"https:\/\/www.phoenixregeneration.com\/fr\/#website","url":"https:\/\/www.phoenixregeneration.com\/fr\/","name":"Phoenix Innovation Technologie","description":"","publisher":{"@id":"https:\/\/www.phoenixregeneration.com\/fr\/#organization"},"potentialAction":[{"@type":"SearchAction","target":{"@type":"EntryPoint","urlTemplate":"https:\/\/www.phoenixregeneration.com\/fr\/?s={search_term_string}"},"query-input":"required name=search_term_string"}],"inLanguage":"fr-FR"},{"@type":"Organization","@id":"https:\/\/www.phoenixregeneration.com\/fr\/#organization","name":"Phoenix Innovation Technologie","url":"https:\/\/www.phoenixregeneration.com\/fr\/","logo":{"@type":"ImageObject","inLanguage":"fr-FR","@id":"https:\/\/www.phoenixregeneration.com\/fr\/#\/schema\/logo\/image\/","url":"https:\/\/www.phoenixregeneration.com\/wp-content\/uploads\/2024\/08\/phoenix-logo@2x.png","contentUrl":"https:\/\/www.phoenixregeneration.com\/wp-content\/uploads\/2024\/08\/phoenix-logo@2x.png","width":535,"height":114,"caption":"Phoenix Innovation Technologie"},"image":{"@id":"https:\/\/www.phoenixregeneration.com\/fr\/#\/schema\/logo\/image\/"}}]}},"_links":{"self":[{"href":"https:\/\/www.phoenixregeneration.com\/fr\/wp-json\/wp\/v2\/pages\/1435","targetHints":{"allow":["GET"]}}],"collection":[{"href":"https:\/\/www.phoenixregeneration.com\/fr\/wp-json\/wp\/v2\/pages"}],"about":[{"href":"https:\/\/www.phoenixregeneration.com\/fr\/wp-json\/wp\/v2\/types\/page"}],"author":[{"embeddable":true,"href":"https:\/\/www.phoenixregeneration.com\/fr\/wp-json\/wp\/v2\/users\/1"}],"replies":[{"embeddable":true,"href":"https:\/\/www.phoenixregeneration.com\/fr\/wp-json\/wp\/v2\/comments?post=1435"}],"version-history":[{"count":3,"href":"https:\/\/www.phoenixregeneration.com\/fr\/wp-json\/wp\/v2\/pages\/1435\/revisions"}],"predecessor-version":[{"id":1450,"href":"https:\/\/www.phoenixregeneration.com\/fr\/wp-json\/wp\/v2\/pages\/1435\/revisions\/1450"}],"wp:attachment":[{"href":"https:\/\/www.phoenixregeneration.com\/fr\/wp-json\/wp\/v2\/media?parent=1435"}],"curies":[{"name":"wp","href":"https:\/\/api.w.org\/{rel}","templated":true}]}}