{"id":11,"date":"2015-02-10T19:21:34","date_gmt":"2015-02-10T19:21:34","guid":{"rendered":"https:\/\/avada.theme-fusion.com_demos\/architecture\/?page_id=11"},"modified":"2024-09-05T11:35:46","modified_gmt":"2024-09-05T15:35:46","slug":"services","status":"publish","type":"page","link":"https:\/\/www.phoenixregeneration.com\/fr\/services\/","title":{"rendered":"Services"},"content":{"rendered":"<p><div class=\"fusion-fullwidth fullwidth-box fusion-builder-row-1 fusion-flex-container nonhundred-percent-fullwidth non-hundred-percent-height-scrolling\" style=\"--awb-background-position:left top;--awb-border-sizes-top:0px;--awb-border-sizes-bottom:0px;--awb-border-sizes-left:0px;--awb-border-sizes-right:0px;--awb-border-radius-top-left:0px;--awb-border-radius-top-right:0px;--awb-border-radius-bottom-right:0px;--awb-border-radius-bottom-left:0px;--awb-padding-top:81px;--awb-padding-bottom:50px;--awb-flex-wrap:wrap;\" ><div class=\"fusion-builder-row fusion-row fusion-flex-align-items-flex-start fusion-flex-content-wrap\" style=\"max-width:1216.8px;margin-left: calc(-4% \/ 2 );margin-right: calc(-4% \/ 2 );\"><div class=\"fusion-layout-column fusion_builder_column fusion-builder-column-0 fusion_builder_column_1_4 1_4 fusion-flex-column\" style=\"--awb-bg-blend:overlay;--awb-bg-size:cover;--awb-width-large:25%;--awb-margin-top-large:0px;--awb-spacing-right-large:7.68%;--awb-margin-bottom-large:20px;--awb-spacing-left-large:7.68%;--awb-width-medium:100%;--awb-spacing-right-medium:1.92%;--awb-spacing-left-medium:1.92%;--awb-width-small:100%;--awb-spacing-right-small:1.92%;--awb-spacing-left-small:1.92%;\"><div class=\"fusion-column-wrapper fusion-flex-justify-content-flex-start fusion-content-layout-column\"><div class=\"fusion-title title fusion-title-1 fusion-sep-none fusion-title-text fusion-title-size-two\" style=\"--awb-margin-bottom:50px;--awb-font-size:25px;\"><h2 class=\"fusion-title-heading title-heading-left fusion-responsive-typography-calculated\" style=\"margin:0;font-size:1em;text-transform:capitalize;--fontSize:25;line-height:var(--awb-typography1-line-height);\">L\u2019\u00e9quipe multidisciplinaire de Phoenix permet d\u2019offrir une solution adapt\u00e9e \u00e0 la production industrielle moderne.<\/h2><\/div><div class=\"fusion-separator\" style=\"align-self: flex-start;margin-right:auto;margin-top:0px;margin-bottom:40px;width:100%;max-width:170px;\"><div class=\"fusion-separator-border sep-single sep-solid\" style=\"--awb-height:20px;--awb-amount:20px;--awb-sep-color:var(--awb-color3);border-color:var(--awb-color3);border-top-width:3px;\"><\/div><\/div><div class=\"fusion-separator fusion-full-width-sep\" style=\"align-self: flex-start;margin-right:auto;margin-bottom:10px;width:100%;\"><\/div><div class=\"fusion-image-element \" style=\"--awb-caption-title-font-family:var(--h2_typography-font-family);--awb-caption-title-font-weight:var(--h2_typography-font-weight);--awb-caption-title-font-style:var(--h2_typography-font-style);--awb-caption-title-size:var(--h2_typography-font-size);--awb-caption-title-transform:var(--h2_typography-text-transform);--awb-caption-title-line-height:var(--h2_typography-line-height);--awb-caption-title-letter-spacing:var(--h2_typography-letter-spacing);\"><span class=\" fusion-imageframe imageframe-none imageframe-1 hover-type-zoomin fusion-animated\" data-animationType=\"fadeInDown\" data-animationDuration=\"1\" data-animationOffset=\"top-into-view\"><a href=\"https:\/\/www.phoenixregeneration.com\/wp-content\/uploads\/2024\/08\/image-service.jpg\" class=\"fusion-lightbox\" data-rel=\"iLightbox[e18c83a68a850d2d3c5]\" data-title=\"image-service\" title=\"image-service\"><img decoding=\"async\" width=\"1000\" height=\"667\" src=\"https:\/\/www.phoenixregeneration.com\/wp-content\/uploads\/2024\/08\/image-service.jpg\" data-orig-src=\"https:\/\/www.phoenixregeneration.com\/wp-content\/uploads\/2024\/08\/image-service.jpg\" alt class=\"lazyload img-responsive wp-image-1134\" srcset=\"data:image\/svg+xml,%3Csvg%20xmlns%3D%27http%3A%2F%2Fwww.w3.org%2F2000%2Fsvg%27%20width%3D%271000%27%20height%3D%27667%27%20viewBox%3D%270%200%201000%20667%27%3E%3Crect%20width%3D%271000%27%20height%3D%27667%27%20fill-opacity%3D%220%22%2F%3E%3C%2Fsvg%3E\" data-srcset=\"https:\/\/www.phoenixregeneration.com\/wp-content\/uploads\/2024\/08\/image-service-200x133.jpg 200w, https:\/\/www.phoenixregeneration.com\/wp-content\/uploads\/2024\/08\/image-service-400x267.jpg 400w, https:\/\/www.phoenixregeneration.com\/wp-content\/uploads\/2024\/08\/image-service-600x400.jpg 600w, https:\/\/www.phoenixregeneration.com\/wp-content\/uploads\/2024\/08\/image-service-800x534.jpg 800w, https:\/\/www.phoenixregeneration.com\/wp-content\/uploads\/2024\/08\/image-service.jpg 1000w\" data-sizes=\"auto\" data-orig-sizes=\"(max-width: 800px) 100vw, (max-width: 640px) 100vw, 400px\" \/><\/a><\/span><\/div><\/div><\/div><div class=\"fusion-layout-column fusion_builder_column fusion-builder-column-1 fusion_builder_column_1_2 1_2 fusion-flex-column\" style=\"--awb-bg-blend:overlay;--awb-bg-size:cover;--awb-width-large:50%;--awb-margin-top-large:0px;--awb-spacing-right-large:3.84%;--awb-margin-bottom-large:20px;--awb-spacing-left-large:3.84%;--awb-width-medium:100%;--awb-spacing-right-medium:1.92%;--awb-spacing-left-medium:1.92%;--awb-width-small:100%;--awb-spacing-right-small:1.92%;--awb-spacing-left-small:1.92%;\"><div class=\"fusion-column-wrapper fusion-flex-justify-content-flex-start fusion-content-layout-column\"><div class=\"fusion-text fusion-text-1\" style=\"--awb-line-height:1.6em;\"><div class=\"TypographyPresentation TypographyPresentation--m RichText3-paragraph--withVSpacingNormal RichText3-paragraph\">Phoenix est \u00e0 pr\u00e9parer un laboratoire de mesure des propri\u00e9t\u00e9s des compos\u00e9s d\u2019\u00e9lastom\u00e8re complet et utilisera <span style=\"color: var(--awb-text-color); font-family: var(--awb-text-font-family); font-size: var(--awb-font-size); font-style: var(--awb-text-font-style); font-weight: var(--awb-text-font-weight); letter-spacing: var(--awb-letter-spacing); text-align: var(--awb-content-alignment); text-transform: var(--awb-text-transform); background-color: var(--awb-bg-color);\">un laboratoire externe (ACE) avant toute signature d\u2019une entente formelle.<\/span><\/div>\n<div class=\"TypographyPresentation TypographyPresentation--m RichText3-paragraph--withVSpacingNormal RichText3-paragraph\">Le laboratoire sera aussi \u00e9quip\u00e9 d\u2019une unit\u00e9 de traitement de 2e g\u00e9n\u00e9ration <\/div>\n<p>(Bravo) de Phoenix.<\/p>\n<\/p>\n<div class=\"TypographyPresentation TypographyPresentation--m RichText3-paragraph--withVSpacingNormal RichText3-paragraph\">Cela permettra au client de Phoenix d\u2019effectuer des essais de performances pour leur march\u00e9.<\/div>\n<\/p>\n<div class=\"TypographyPresentation TypographyPresentation--m RichText3-paragraph--withVSpacingNormal RichText3-paragraph\">Notre m\u00e9langeur interne permettra de confirmer les performances du produit dans des m\u00e9langes de r\u00e9f\u00e9rences d\u00e9velopp\u00e9 par Phoenix.<\/div>\n<div class=\"TypographyPresentation TypographyPresentation--m RichText3-paragraph--withVSpacingNormal RichText3-paragraph\"> <\/div>\n<div class=\"TypographyPresentation TypographyPresentation--m RichText3-paragraph--withVSpacingNormal RichText3-paragraph\">Supervis\u00e9 par un Chef Chimiste de grande exp\u00e9rience, ayant travaill\u00e9 pour un majeur de l\u2019industrie, notre syst\u00e8me de validation <span style=\"color: var(--awb-text-color); font-family: var(--awb-text-font-family); font-size: var(--awb-font-size); font-style: var(--awb-text-font-style); font-weight: var(--awb-text-font-weight); letter-spacing: var(--awb-letter-spacing); text-align: var(--awb-content-alignment); text-transform: var(--awb-text-transform); background-color: var(--awb-bg-color);\">assurera nos clients que leurs produits peuvent \u00eatre valoris\u00e9s par notre solution technologique.<\/span><\/div>\n<p><span style=\"color: var(--awb-text-color); font-family: var(--awb-text-font-family); font-size: var(--awb-font-size); font-style: var(--awb-text-font-style); font-weight: var(--awb-text-font-weight); letter-spacing: var(--awb-letter-spacing); text-align: var(--awb-content-alignment); text-transform: var(--awb-text-transform); background-color: var(--awb-bg-color);\"><br \/><\/span><\/p>\n<p><span style=\"color: var(--awb-text-color); font-family: var(--awb-text-font-family); font-size: var(--awb-font-size); font-style: var(--awb-text-font-style); font-weight: var(--awb-text-font-weight); letter-spacing: var(--awb-letter-spacing); text-align: var(--awb-content-alignment); text-transform: var(--awb-text-transform); background-color: var(--awb-bg-color-hover);\">Notre chiffrier BAIIDA permet d\u2019\u00e9valuer la valeur ajout\u00e9e et ceci en tenant compte du march\u00e9 pr\u00e9cis du client.<\/span><\/p>\n<p>De plus notre chiffrier de calcul de charge d&rsquo;un m\u00e9langeur interne (Banbury), permet d&rsquo;\u00e9valuer la r\u00e9duction de co\u00fbt pour un m\u00e9lange d&rsquo;\u00e9lastom\u00e8re sp\u00e9cifique.<\/p>\n<\/div><\/div><\/div><div class=\"fusion-layout-column fusion_builder_column fusion-builder-column-2 fusion_builder_column_1_4 1_4 fusion-flex-column\" style=\"--awb-bg-size:cover;--awb-width-large:25%;--awb-margin-top-large:0px;--awb-spacing-right-large:7.68%;--awb-margin-bottom-large:20px;--awb-spacing-left-large:7.68%;--awb-width-medium:100%;--awb-order-medium:0;--awb-spacing-right-medium:1.92%;--awb-spacing-left-medium:1.92%;--awb-width-small:100%;--awb-order-small:0;--awb-spacing-right-small:1.92%;--awb-spacing-left-small:1.92%;\"><div class=\"fusion-column-wrapper fusion-column-has-shadow fusion-flex-justify-content-flex-start fusion-content-layout-column\"><div class=\"fusion-image-element \" style=\"--awb-caption-title-font-family:var(--h2_typography-font-family);--awb-caption-title-font-weight:var(--h2_typography-font-weight);--awb-caption-title-font-style:var(--h2_typography-font-style);--awb-caption-title-size:var(--h2_typography-font-size);--awb-caption-title-transform:var(--h2_typography-text-transform);--awb-caption-title-line-height:var(--h2_typography-line-height);--awb-caption-title-letter-spacing:var(--h2_typography-letter-spacing);\"><span class=\" fusion-imageframe imageframe-none imageframe-2 hover-type-none\"><img decoding=\"async\" width=\"902\" height=\"1202\" title=\"image0021\" src=\"https:\/\/www.phoenixregeneration.com\/wp-content\/uploads\/2024\/08\/image0021.jpg\" data-orig-src=\"https:\/\/www.phoenixregeneration.com\/wp-content\/uploads\/2024\/08\/image0021.jpg\" alt class=\"lazyload img-responsive wp-image-1210\" srcset=\"data:image\/svg+xml,%3Csvg%20xmlns%3D%27http%3A%2F%2Fwww.w3.org%2F2000%2Fsvg%27%20width%3D%27902%27%20height%3D%271202%27%20viewBox%3D%270%200%20902%201202%27%3E%3Crect%20width%3D%27902%27%20height%3D%271202%27%20fill-opacity%3D%220%22%2F%3E%3C%2Fsvg%3E\" data-srcset=\"https:\/\/www.phoenixregeneration.com\/wp-content\/uploads\/2024\/08\/image0021-200x267.jpg 200w, https:\/\/www.phoenixregeneration.com\/wp-content\/uploads\/2024\/08\/image0021-400x533.jpg 400w, https:\/\/www.phoenixregeneration.com\/wp-content\/uploads\/2024\/08\/image0021-600x800.jpg 600w, https:\/\/www.phoenixregeneration.com\/wp-content\/uploads\/2024\/08\/image0021-800x1066.jpg 800w, https:\/\/www.phoenixregeneration.com\/wp-content\/uploads\/2024\/08\/image0021.jpg 902w\" data-sizes=\"auto\" data-orig-sizes=\"(max-width: 800px) 100vw, (max-width: 640px) 100vw, 400px\" \/><\/span><\/div><div class=\"fusion-video fusion-vimeo\" style=\"--awb-max-width:600px;--awb-max-height:360px;--awb-margin-top:2em;\"><div class=\"video-shortcode\"><lite-vimeo videoid=\"1000860767\" class=\"landscape\" params=\"autoplay=1autoplay=0&autopause=0\" title=\"Vimeo video player 1\"  width=\"600\" height=\"360\"><\/lite-vimeo><\/div><\/div><\/div><\/div><\/div><\/div><div class=\"fusion-fullwidth fullwidth-box fusion-builder-row-2 fusion-flex-container nonhundred-percent-fullwidth non-hundred-percent-height-scrolling\" style=\"--awb-background-position:left top;--awb-border-sizes-top:0px;--awb-border-sizes-bottom:0px;--awb-border-sizes-left:0px;--awb-border-sizes-right:0px;--awb-border-radius-top-left:0px;--awb-border-radius-top-right:0px;--awb-border-radius-bottom-right:0px;--awb-border-radius-bottom-left:0px;--awb-padding-top:0px;--awb-padding-bottom:81px;--awb-flex-wrap:wrap;\" ><div class=\"fusion-builder-row fusion-row fusion-flex-align-items-flex-start fusion-flex-content-wrap\" style=\"max-width:1216.8px;margin-left: calc(-4% \/ 2 );margin-right: calc(-4% \/ 2 );\"><div class=\"fusion-layout-column fusion_builder_column fusion-builder-column-3 fusion_builder_column_1_1 1_1 fusion-flex-column\" style=\"--awb-bg-blend:overlay;--awb-bg-size:cover;--awb-width-large:100%;--awb-margin-top-large:0px;--awb-spacing-right-large:1.92%;--awb-margin-bottom-large:20px;--awb-spacing-left-large:1.92%;--awb-width-medium:100%;--awb-spacing-right-medium:1.92%;--awb-spacing-left-medium:1.92%;--awb-width-small:100%;--awb-spacing-right-small:1.92%;--awb-spacing-left-small:1.92%;\"><div class=\"fusion-column-wrapper fusion-flex-justify-content-flex-start fusion-content-layout-column\"><div class=\"fusion-image-element \" style=\"--awb-margin-bottom:2em;--awb-caption-title-font-family:var(--h2_typography-font-family);--awb-caption-title-font-weight:var(--h2_typography-font-weight);--awb-caption-title-font-style:var(--h2_typography-font-style);--awb-caption-title-size:var(--h2_typography-font-size);--awb-caption-title-transform:var(--h2_typography-text-transform);--awb-caption-title-line-height:var(--h2_typography-line-height);--awb-caption-title-letter-spacing:var(--h2_typography-letter-spacing);\"><span class=\" fusion-imageframe imageframe-none imageframe-3 hover-type-none\"><img decoding=\"async\" width=\"1880\" height=\"655\" title=\"image001\" src=\"https:\/\/www.phoenixregeneration.com\/wp-content\/uploads\/2024\/08\/image001.png\" data-orig-src=\"https:\/\/www.phoenixregeneration.com\/wp-content\/uploads\/2024\/08\/image001.png\" alt class=\"lazyload img-responsive wp-image-1197\" srcset=\"data:image\/svg+xml,%3Csvg%20xmlns%3D%27http%3A%2F%2Fwww.w3.org%2F2000%2Fsvg%27%20width%3D%271880%27%20height%3D%27655%27%20viewBox%3D%270%200%201880%20655%27%3E%3Crect%20width%3D%271880%27%20height%3D%27655%27%20fill-opacity%3D%220%22%2F%3E%3C%2Fsvg%3E\" data-srcset=\"https:\/\/www.phoenixregeneration.com\/wp-content\/uploads\/2024\/08\/image001-200x70.png 200w, https:\/\/www.phoenixregeneration.com\/wp-content\/uploads\/2024\/08\/image001-400x139.png 400w, https:\/\/www.phoenixregeneration.com\/wp-content\/uploads\/2024\/08\/image001-600x209.png 600w, https:\/\/www.phoenixregeneration.com\/wp-content\/uploads\/2024\/08\/image001-800x279.png 800w, https:\/\/www.phoenixregeneration.com\/wp-content\/uploads\/2024\/08\/image001-1200x418.png 1200w, https:\/\/www.phoenixregeneration.com\/wp-content\/uploads\/2024\/08\/image001.png 1880w\" data-sizes=\"auto\" data-orig-sizes=\"(max-width: 800px) 100vw, (max-width: 640px) 100vw, 1200px\" \/><\/span><\/div><div class=\"fusion-image-element \" style=\"--awb-caption-title-font-family:var(--h2_typography-font-family);--awb-caption-title-font-weight:var(--h2_typography-font-weight);--awb-caption-title-font-style:var(--h2_typography-font-style);--awb-caption-title-size:var(--h2_typography-font-size);--awb-caption-title-transform:var(--h2_typography-text-transform);--awb-caption-title-line-height:var(--h2_typography-line-height);--awb-caption-title-letter-spacing:var(--h2_typography-letter-spacing);\"><span class=\" fusion-imageframe imageframe-none imageframe-4 hover-type-none\"><img decoding=\"async\" width=\"942\" height=\"541\" title=\"image002 (1)\" src=\"https:\/\/www.phoenixregeneration.com\/wp-content\/uploads\/2024\/08\/image002-1.png\" data-orig-src=\"https:\/\/www.phoenixregeneration.com\/wp-content\/uploads\/2024\/08\/image002-1.png\" alt class=\"lazyload img-responsive wp-image-1199\" srcset=\"data:image\/svg+xml,%3Csvg%20xmlns%3D%27http%3A%2F%2Fwww.w3.org%2F2000%2Fsvg%27%20width%3D%27942%27%20height%3D%27541%27%20viewBox%3D%270%200%20942%20541%27%3E%3Crect%20width%3D%27942%27%20height%3D%27541%27%20fill-opacity%3D%220%22%2F%3E%3C%2Fsvg%3E\" data-srcset=\"https:\/\/www.phoenixregeneration.com\/wp-content\/uploads\/2024\/08\/image002-1-200x115.png 200w, https:\/\/www.phoenixregeneration.com\/wp-content\/uploads\/2024\/08\/image002-1-400x230.png 400w, https:\/\/www.phoenixregeneration.com\/wp-content\/uploads\/2024\/08\/image002-1-600x345.png 600w, https:\/\/www.phoenixregeneration.com\/wp-content\/uploads\/2024\/08\/image002-1-800x459.png 800w, https:\/\/www.phoenixregeneration.com\/wp-content\/uploads\/2024\/08\/image002-1.png 942w\" data-sizes=\"auto\" data-orig-sizes=\"(max-width: 800px) 100vw, (max-width: 640px) 100vw, 942px\" \/><\/span><\/div><div class=\"fusion-separator\" style=\"align-self: flex-start;margin-right:auto;margin-top:0px;margin-bottom:40px;width:100%;max-width:170px;\"><div class=\"fusion-separator-border sep-single sep-solid\" style=\"--awb-height:20px;--awb-amount:20px;--awb-sep-color:var(--awb-color3);border-color:var(--awb-color3);border-top-width:3px;\"><\/div><\/div><div class=\"fusion-separator fusion-full-width-sep\" style=\"align-self: flex-start;margin-right:auto;margin-bottom:10px;width:100%;\"><\/div><\/div><\/div><\/div><\/div><\/p>\n","protected":false},"excerpt":{"rendered":"","protected":false},"author":1,"featured_media":0,"parent":0,"menu_order":0,"comment_status":"closed","ping_status":"closed","template":"100-width.php","meta":{"footnotes":""},"class_list":["post-11","page","type-page","status-publish","hentry"],"yoast_head":"<!-- This site is optimized with the Yoast SEO plugin v23.2 - https:\/\/yoast.com\/wordpress\/plugins\/seo\/ -->\n<title>Services de Tests et Validation d\u2019\u00c9lastom\u00e8res | Solutions Avanc\u00e9es<\/title>\n<meta name=\"description\" content=\"D\u00e9couvrez les services de tests et validation d\u2019\u00e9lastom\u00e8res de Phoenix Regeneration. De l\u2019\u00e9valuation en laboratoire aux essais sp\u00e9cifiques au march\u00e9, nous garantissons que vos produits r\u00e9pondent aux normes les plus \u00e9lev\u00e9es. Collaborons pour un support innovant et fiable.\" \/>\n<meta name=\"robots\" content=\"index, follow, max-snippet:-1, max-image-preview:large, max-video-preview:-1\" \/>\n<link rel=\"canonical\" href=\"https:\/\/www.phoenixregeneration.com\/fr\/services\/\" \/>\n<meta property=\"og:locale\" content=\"fr_FR\" \/>\n<meta property=\"og:type\" content=\"article\" \/>\n<meta property=\"og:title\" content=\"Services de Tests et Validation d\u2019\u00c9lastom\u00e8res | Solutions Avanc\u00e9es\" \/>\n<meta property=\"og:description\" content=\"D\u00e9couvrez les services de tests et validation d\u2019\u00e9lastom\u00e8res de Phoenix Regeneration. De l\u2019\u00e9valuation en laboratoire aux essais sp\u00e9cifiques au march\u00e9, nous garantissons que vos produits r\u00e9pondent aux normes les plus \u00e9lev\u00e9es. Collaborons pour un support innovant et fiable.\" \/>\n<meta property=\"og:url\" content=\"https:\/\/www.phoenixregeneration.com\/fr\/services\/\" \/>\n<meta property=\"og:site_name\" content=\"Phoenix Innovation Technologie\" \/>\n<meta property=\"article:modified_time\" content=\"2024-09-05T15:35:46+00:00\" \/>\n<meta name=\"twitter:card\" content=\"summary_large_image\" \/>\n<meta name=\"twitter:label1\" content=\"Dur\u00e9e de lecture estim\u00e9e\" \/>\n\t<meta name=\"twitter:data1\" content=\"2 minutes\" \/>\n<script type=\"application\/ld+json\" class=\"yoast-schema-graph\">{\"@context\":\"https:\/\/schema.org\",\"@graph\":[{\"@type\":\"WebPage\",\"@id\":\"https:\/\/www.phoenixregeneration.com\/fr\/services\/\",\"url\":\"https:\/\/www.phoenixregeneration.com\/fr\/services\/\",\"name\":\"Services de Tests et Validation d\u2019\u00c9lastom\u00e8res | Solutions Avanc\u00e9es\",\"isPartOf\":{\"@id\":\"https:\/\/www.phoenixregeneration.com\/fr\/#website\"},\"datePublished\":\"2015-02-10T19:21:34+00:00\",\"dateModified\":\"2024-09-05T15:35:46+00:00\",\"description\":\"D\u00e9couvrez les services de tests et validation d\u2019\u00e9lastom\u00e8res de Phoenix Regeneration. De l\u2019\u00e9valuation en laboratoire aux essais sp\u00e9cifiques au march\u00e9, nous garantissons que vos produits r\u00e9pondent aux normes les plus \u00e9lev\u00e9es. Collaborons pour un support innovant et fiable.\",\"breadcrumb\":{\"@id\":\"https:\/\/www.phoenixregeneration.com\/fr\/services\/#breadcrumb\"},\"inLanguage\":\"fr-FR\",\"potentialAction\":[{\"@type\":\"ReadAction\",\"target\":[\"https:\/\/www.phoenixregeneration.com\/fr\/services\/\"]}]},{\"@type\":\"BreadcrumbList\",\"@id\":\"https:\/\/www.phoenixregeneration.com\/fr\/services\/#breadcrumb\",\"itemListElement\":[{\"@type\":\"ListItem\",\"position\":1,\"name\":\"Accueil\",\"item\":\"https:\/\/beta.phoenixregeneration.com\/fr\/\"},{\"@type\":\"ListItem\",\"position\":2,\"name\":\"Services\"}]},{\"@type\":\"WebSite\",\"@id\":\"https:\/\/www.phoenixregeneration.com\/fr\/#website\",\"url\":\"https:\/\/www.phoenixregeneration.com\/fr\/\",\"name\":\"Phoenix Innovation Technologie\",\"description\":\"\",\"publisher\":{\"@id\":\"https:\/\/www.phoenixregeneration.com\/fr\/#organization\"},\"potentialAction\":[{\"@type\":\"SearchAction\",\"target\":{\"@type\":\"EntryPoint\",\"urlTemplate\":\"https:\/\/www.phoenixregeneration.com\/fr\/?s={search_term_string}\"},\"query-input\":\"required name=search_term_string\"}],\"inLanguage\":\"fr-FR\"},{\"@type\":\"Organization\",\"@id\":\"https:\/\/www.phoenixregeneration.com\/fr\/#organization\",\"name\":\"Phoenix Innovation Technologie\",\"url\":\"https:\/\/www.phoenixregeneration.com\/fr\/\",\"logo\":{\"@type\":\"ImageObject\",\"inLanguage\":\"fr-FR\",\"@id\":\"https:\/\/www.phoenixregeneration.com\/fr\/#\/schema\/logo\/image\/\",\"url\":\"https:\/\/www.phoenixregeneration.com\/wp-content\/uploads\/2024\/08\/phoenix-logo@2x.png\",\"contentUrl\":\"https:\/\/www.phoenixregeneration.com\/wp-content\/uploads\/2024\/08\/phoenix-logo@2x.png\",\"width\":535,\"height\":114,\"caption\":\"Phoenix Innovation Technologie\"},\"image\":{\"@id\":\"https:\/\/www.phoenixregeneration.com\/fr\/#\/schema\/logo\/image\/\"}}]}<\/script>\n<!-- \/ Yoast SEO plugin. -->","yoast_head_json":{"title":"Services de Tests et Validation d\u2019\u00c9lastom\u00e8res | Solutions Avanc\u00e9es","description":"D\u00e9couvrez les services de tests et validation d\u2019\u00e9lastom\u00e8res de Phoenix Regeneration. De l\u2019\u00e9valuation en laboratoire aux essais sp\u00e9cifiques au march\u00e9, nous garantissons que vos produits r\u00e9pondent aux normes les plus \u00e9lev\u00e9es. Collaborons pour un support innovant et fiable.","robots":{"index":"index","follow":"follow","max-snippet":"max-snippet:-1","max-image-preview":"max-image-preview:large","max-video-preview":"max-video-preview:-1"},"canonical":"https:\/\/www.phoenixregeneration.com\/fr\/services\/","og_locale":"fr_FR","og_type":"article","og_title":"Services de Tests et Validation d\u2019\u00c9lastom\u00e8res | Solutions Avanc\u00e9es","og_description":"D\u00e9couvrez les services de tests et validation d\u2019\u00e9lastom\u00e8res de Phoenix Regeneration. De l\u2019\u00e9valuation en laboratoire aux essais sp\u00e9cifiques au march\u00e9, nous garantissons que vos produits r\u00e9pondent aux normes les plus \u00e9lev\u00e9es. Collaborons pour un support innovant et fiable.","og_url":"https:\/\/www.phoenixregeneration.com\/fr\/services\/","og_site_name":"Phoenix Innovation Technologie","article_modified_time":"2024-09-05T15:35:46+00:00","twitter_card":"summary_large_image","twitter_misc":{"Dur\u00e9e de lecture estim\u00e9e":"2 minutes"},"schema":{"@context":"https:\/\/schema.org","@graph":[{"@type":"WebPage","@id":"https:\/\/www.phoenixregeneration.com\/fr\/services\/","url":"https:\/\/www.phoenixregeneration.com\/fr\/services\/","name":"Services de Tests et Validation d\u2019\u00c9lastom\u00e8res | Solutions Avanc\u00e9es","isPartOf":{"@id":"https:\/\/www.phoenixregeneration.com\/fr\/#website"},"datePublished":"2015-02-10T19:21:34+00:00","dateModified":"2024-09-05T15:35:46+00:00","description":"D\u00e9couvrez les services de tests et validation d\u2019\u00e9lastom\u00e8res de Phoenix Regeneration. De l\u2019\u00e9valuation en laboratoire aux essais sp\u00e9cifiques au march\u00e9, nous garantissons que vos produits r\u00e9pondent aux normes les plus \u00e9lev\u00e9es. Collaborons pour un support innovant et fiable.","breadcrumb":{"@id":"https:\/\/www.phoenixregeneration.com\/fr\/services\/#breadcrumb"},"inLanguage":"fr-FR","potentialAction":[{"@type":"ReadAction","target":["https:\/\/www.phoenixregeneration.com\/fr\/services\/"]}]},{"@type":"BreadcrumbList","@id":"https:\/\/www.phoenixregeneration.com\/fr\/services\/#breadcrumb","itemListElement":[{"@type":"ListItem","position":1,"name":"Accueil","item":"https:\/\/beta.phoenixregeneration.com\/fr\/"},{"@type":"ListItem","position":2,"name":"Services"}]},{"@type":"WebSite","@id":"https:\/\/www.phoenixregeneration.com\/fr\/#website","url":"https:\/\/www.phoenixregeneration.com\/fr\/","name":"Phoenix Innovation Technologie","description":"","publisher":{"@id":"https:\/\/www.phoenixregeneration.com\/fr\/#organization"},"potentialAction":[{"@type":"SearchAction","target":{"@type":"EntryPoint","urlTemplate":"https:\/\/www.phoenixregeneration.com\/fr\/?s={search_term_string}"},"query-input":"required name=search_term_string"}],"inLanguage":"fr-FR"},{"@type":"Organization","@id":"https:\/\/www.phoenixregeneration.com\/fr\/#organization","name":"Phoenix Innovation Technologie","url":"https:\/\/www.phoenixregeneration.com\/fr\/","logo":{"@type":"ImageObject","inLanguage":"fr-FR","@id":"https:\/\/www.phoenixregeneration.com\/fr\/#\/schema\/logo\/image\/","url":"https:\/\/www.phoenixregeneration.com\/wp-content\/uploads\/2024\/08\/phoenix-logo@2x.png","contentUrl":"https:\/\/www.phoenixregeneration.com\/wp-content\/uploads\/2024\/08\/phoenix-logo@2x.png","width":535,"height":114,"caption":"Phoenix Innovation Technologie"},"image":{"@id":"https:\/\/www.phoenixregeneration.com\/fr\/#\/schema\/logo\/image\/"}}]}},"_links":{"self":[{"href":"https:\/\/www.phoenixregeneration.com\/fr\/wp-json\/wp\/v2\/pages\/11","targetHints":{"allow":["GET"]}}],"collection":[{"href":"https:\/\/www.phoenixregeneration.com\/fr\/wp-json\/wp\/v2\/pages"}],"about":[{"href":"https:\/\/www.phoenixregeneration.com\/fr\/wp-json\/wp\/v2\/types\/page"}],"author":[{"embeddable":true,"href":"https:\/\/www.phoenixregeneration.com\/fr\/wp-json\/wp\/v2\/users\/1"}],"replies":[{"embeddable":true,"href":"https:\/\/www.phoenixregeneration.com\/fr\/wp-json\/wp\/v2\/comments?post=11"}],"version-history":[{"count":18,"href":"https:\/\/www.phoenixregeneration.com\/fr\/wp-json\/wp\/v2\/pages\/11\/revisions"}],"predecessor-version":[{"id":1328,"href":"https:\/\/www.phoenixregeneration.com\/fr\/wp-json\/wp\/v2\/pages\/11\/revisions\/1328"}],"wp:attachment":[{"href":"https:\/\/www.phoenixregeneration.com\/fr\/wp-json\/wp\/v2\/media?parent=11"}],"curies":[{"name":"wp","href":"https:\/\/api.w.org\/{rel}","templated":true}]}}